{"id":3785,"date":"2022-10-14T07:16:01","date_gmt":"2022-10-14T07:16:01","guid":{"rendered":"https:\/\/linenhygge.com\/?post_type=product&#038;p=3785"},"modified":"2024-06-04T05:34:17","modified_gmt":"2024-06-04T05:34:17","slug":"linen-duvet-cover","status":"publish","type":"product","link":"https:\/\/linenhygge.com\/lt\/product\/linen-duvet-cover\/","title":{"rendered":"Lininis antklod\u0117s u\u017evalkalas"},"content":{"rendered":"<div class=\"entry-product-section entry-product-content-section\">\n<div class=\"container\">\n<p>Please check out the store for pillow covers and fitted or flat sheets to make a nice set.<\/p>\n<p>Privalumai:<br \/>\nLINAS<br \/>\n* Linen fabric is sustainable and durable<br \/>\n* This linen fabric is environmentally friendly and 100% biodegradable<br \/>\n* It is anti-static (contrary to minky blankets with polly pellets filling)<br \/>\n* Linen is highly absorbent and can absorb 20% of it\u2019s own weight and still feel dry<br \/>\n* It features outstanding temperature regulating properties, due to being highly breathable it will keep you cool in summer and make you warm in winter<br \/>\n* Linen fabric does not create lint<br \/>\n* It becomes softer with every wash.<\/p>\n<p>PRIE\u017dI\u016aRA<br \/>\n* Machine washable 40\u00b0C<br \/>\n* Low heat tumble dry<\/p>\n<p>Atminkite:<br \/>\nColors might look different on your screen due to screen settings, resolution, device type and age. Please get in touch if you have questions about the color.<br \/>\nThis is a handmade item, please accept a tolerance of 2% to the size.<\/p>\n<\/div>\n<\/div>\n<div class=\"woocommerce-tabs woocommerce-main-tabs\"><\/div>\n<div class=\"related products entry-product-section\">\n<div class=\"container\">\n<div class=\"entry-product-block\"><\/div>\n<\/div>\n<\/div>","protected":false},"excerpt":{"rendered":"<p>Sveiki atvyk\u0119 \u012f m\u016bs\u0173 parduotuv\u0119!<\/p>\n<p>If you are looking for a natural material duvet cover- look no more you came to the right place!<br \/>\nOur linen duvet covers with zipper button closure are made of 100% stonewashed linen fabric which has a number of benefits compare to other materials.<\/p>\n<p>THE PACKAGE INCLUDES X 1 DUVET COVER X ANY SIZE OF 2 PILLOW COVERS<\/p>\n<p>* Standard duvet covers come with the zipper closer, also available in the buttons closer, if this feature is on request please leave a note \u201cBUTTONS\u201d in the notes section during the checkout.<\/p>\n<p>For custom orders, please specify your size, or any additional requirements during checkout or contact us directly for personalized assistance.<br \/>\nGet in touch with a direct message on Facebook Messanger<br \/>\nor send us an email at\u00a0Info@linenhygge.com<\/p>","protected":false},"featured_media":6065,"comment_status":"open","ping_status":"closed","template":"","meta":[],"product_brand":[],"product_cat":[233,200],"product_tag":[],"class_list":["post-3785","product","type-product","status-publish","has-post-thumbnail","hentry","product_cat-bedding","product_cat-linen-duvet-cover"],"_links":{"self":[{"href":"https:\/\/linenhygge.com\/lt\/wp-json\/wp\/v2\/product\/3785","targetHints":{"allow":["GET"]}}],"collection":[{"href":"https:\/\/linenhygge.com\/lt\/wp-json\/wp\/v2\/product"}],"about":[{"href":"https:\/\/linenhygge.com\/lt\/wp-json\/wp\/v2\/types\/product"}],"replies":[{"embeddable":true,"href":"https:\/\/linenhygge.com\/lt\/wp-json\/wp\/v2\/comments?post=3785"}],"wp:featuredmedia":[{"embeddable":true,"href":"https:\/\/linenhygge.com\/lt\/wp-json\/wp\/v2\/media\/6065"}],"wp:attachment":[{"href":"https:\/\/linenhygge.com\/lt\/wp-json\/wp\/v2\/media?parent=3785"}],"wp:term":[{"taxonomy":"product_brand","embeddable":true,"href":"https:\/\/linenhygge.com\/lt\/wp-json\/wp\/v2\/product_brand?post=3785"},{"taxonomy":"product_cat","embeddable":true,"href":"https:\/\/linenhygge.com\/lt\/wp-json\/wp\/v2\/product_cat?post=3785"},{"taxonomy":"product_tag","embeddable":true,"href":"https:\/\/linenhygge.com\/lt\/wp-json\/wp\/v2\/product_tag?post=3785"}],"curies":[{"name":"wp","href":"https:\/\/api.w.org\/{rel}","templated":true}]}}