{"id":3322,"date":"2022-10-14T07:13:51","date_gmt":"2022-10-14T07:13:51","guid":{"rendered":"https:\/\/linenhygge.com\/?post_type=product&#038;p=3322"},"modified":"2024-05-18T19:31:09","modified_gmt":"2024-05-18T19:31:09","slug":"waffle-blanket","status":"publish","type":"product","link":"https:\/\/linenhygge.com\/lt\/product\/waffle-blanket\/","title":{"rendered":"Linen Waffle Blanket"},"content":{"rendered":"<p>Sizes:<br \/>\nBaby blanket \u2013 24X40 inches (60X100cm)<br \/>\nTwin or couch throw \u2013 55X85 inches (140X215cm)<br \/>\nDouble \u2013 65X85 inches (165X215cm)<br \/>\nQueen \u2013 70X85 inches (175X215cm)<br \/>\nKing \u2013 80X85 inches (200X215cm)<\/p>\n<p>Main features:<br \/>\n* Waffle weaved pattern<br \/>\n* Linen 52%, cotton 48%<br \/>\n* Material has OEKO-TEX certificate meaning it is fully chemical free<br \/>\n* Stonewashed for maximum softness<br \/>\n* Does not shrink<\/p>\n<p>About linen:<br \/>\n* Linen fabric is strong and durable<br \/>\n* This linen fabric is environmentally friendly and100% biodegradable<br \/>\n* It is anti-static (contrary to minky blankets with polly pellets filling)<br \/>\n* Linen is highly absorbent and can absorb 20% of it\u2019s weight<br \/>\n* It features outstanding temperature regulating properties, due to being highly breathable it will keep you cool in summer and make you warm in winter<br \/>\n* Linen fabric does not create lint<br \/>\n* It becomes softer with every wash.<\/p>\n<p>Atminkite:<br \/>\nColor might look different on your screen due to screen settings, resolution, device type and age. Please get in touch if you have questions about the color<\/p>","protected":false},"excerpt":{"rendered":"<p>Sveiki atvyk\u0119 \u012f m\u016bs\u0173 parduotuv\u0119!<\/p>\n<p>You can use this gorgeous waffle linen throw blanket in many areas around your home. It can serve as a couch throw to add natural tones to your living area as well as it looks great and gives natural sense in your bedroom if used as a bed cover. This linen blanket is second to none to wrap around while watching TV or reading as well as during the time outside in colder evenings. This puffy elegant blanket will match any interior and will bring more coziness to your home. It can be a great gift to you beloved ones or in any occasion such as wedding, Christmas, Mother\u2019s day gift.<\/p>\n<p>For custom orders, please specify your size, or any additional requirements during checkout or contact us directly for personalized assistance.<br \/>\nGet in touch with a direct message on Facebook Messanger<br \/>\nor send us an email\u00a0Info@linenhygge.com<\/p>","protected":false},"featured_media":6083,"comment_status":"open","ping_status":"closed","template":"","meta":[],"product_brand":[],"product_cat":[233,137],"product_tag":[],"class_list":["post-3322","product","type-product","status-publish","has-post-thumbnail","hentry","product_cat-bedding","product_cat-waffle-linen-cotton-blanket"],"_links":{"self":[{"href":"https:\/\/linenhygge.com\/lt\/wp-json\/wp\/v2\/product\/3322","targetHints":{"allow":["GET"]}}],"collection":[{"href":"https:\/\/linenhygge.com\/lt\/wp-json\/wp\/v2\/product"}],"about":[{"href":"https:\/\/linenhygge.com\/lt\/wp-json\/wp\/v2\/types\/product"}],"replies":[{"embeddable":true,"href":"https:\/\/linenhygge.com\/lt\/wp-json\/wp\/v2\/comments?post=3322"}],"wp:featuredmedia":[{"embeddable":true,"href":"https:\/\/linenhygge.com\/lt\/wp-json\/wp\/v2\/media\/6083"}],"wp:attachment":[{"href":"https:\/\/linenhygge.com\/lt\/wp-json\/wp\/v2\/media?parent=3322"}],"wp:term":[{"taxonomy":"product_brand","embeddable":true,"href":"https:\/\/linenhygge.com\/lt\/wp-json\/wp\/v2\/product_brand?post=3322"},{"taxonomy":"product_cat","embeddable":true,"href":"https:\/\/linenhygge.com\/lt\/wp-json\/wp\/v2\/product_cat?post=3322"},{"taxonomy":"product_tag","embeddable":true,"href":"https:\/\/linenhygge.com\/lt\/wp-json\/wp\/v2\/product_tag?post=3322"}],"curies":[{"name":"wp","href":"https:\/\/api.w.org\/{rel}","templated":true}]}}